{"id":956,"date":"2022-06-06T12:49:21","date_gmt":"2022-06-06T10:49:21","guid":{"rendered":"https:\/\/vulcanizadoslamaja.com\/?page_id=956"},"modified":"2022-12-06T19:37:36","modified_gmt":"2022-12-06T18:37:36","slug":"verano-2023","status":"publish","type":"page","link":"https:\/\/vulcanizadoslamaja.com\/index.php\/verano-2023\/","title":{"rendered":"Verano 2023"},"content":{"rendered":"<p>[et_pb_section fb_built=\u00bb1&#8243; _builder_version=\u00bb3.0.47&#8243;][et_pb_row custom_padding=\u00bb27px|0|27px|0px|false|false\u00bb _builder_version=\u00bb3.12&#8243;][et_pb_column type=\u00bb2_3&#8243; _builder_version=\u00bb3.0.47&#8243; parallax=\u00bboff\u00bb parallax_method=\u00bbon\u00bb][et_pb_blurb title=\u00bbVerano 2023&#8243; image=\u00bbhttps:\/\/vulcanizadoslamaja.com\/wp-content\/uploads\/2020\/11\/pexels-apostolos-vamvouras-2918562-scaled-e1605781738203.jpg\u00bb image_max_width=\u00bb66%\u00bb _builder_version=\u00bb3.12&#8243; header_level=\u00bbh1&#8243; header_font=\u00bb||||||||\u00bb header_text_align=\u00bbcenter\u00bb border_radii_image=\u00bbon|1px|1px|1px|1px\u00bb box_shadow_style_image=\u00bbpreset1&#8243; box_shadow_blur_image=\u00bb9px\u00bb custom_margin=\u00bb0px|||\u00bb]<\/p>\r\n<p style=\"text-align: center;\">\u00a1Nuestra colecci\u00f3n para el pr\u00f3ximo verano ya est\u00e1 en marcha! Mira nuestros modelos m\u00e1s\u00a0<\/p>\r\n<p>[\/et_pb_blurb][\/et_pb_column][et_pb_column type=\u00bb1_3&#8243; _builder_version=\u00bb3.0.47&#8243; parallax=\u00bboff\u00bb parallax_method=\u00bbon\u00bb][et_pb_divider show_divider=\u00bboff\u00bb _builder_version=\u00bb3.12&#8243;][\/et_pb_divider][et_pb_button button_url=\u00bb#alpargatas\u00bb button_text=\u00bbAlpargatas \u00bb button_alignment=\u00bbcenter\u00bb _builder_version=\u00bb3.12&#8243; custom_button=\u00bbon\u00bb button_text_color=\u00bb#e09900&#8243; button_font=\u00bb||||||||\u00bb button_icon=\u00bb%%1%%\u00bb][\/et_pb_button][et_pb_button button_url=\u00bb#altas\u00bb button_text=\u00bbAlpargatas (altas)\u00bb button_alignment=\u00bbcenter\u00bb _builder_version=\u00bb3.12&#8243; custom_button=\u00bbon\u00bb button_text_color=\u00bb#e09900&#8243; button_font=\u00bb||||||||\u00bb button_icon=\u00bb%%1%%\u00bb][\/et_pb_button][et_pb_button button_url=\u00bb#casa\u00bb button_text=\u00bbZapatillas de casa\u00bb button_alignment=\u00bbcenter\u00bb _builder_version=\u00bb3.12&#8243; custom_button=\u00bbon\u00bb button_text_color=\u00bb#e09900&#8243; button_font=\u00bb||||||||\u00bb button_icon=\u00bb%%1%%\u00bb][\/et_pb_button][et_pb_button button_url=\u00bb#casa\u00bb button_text=\u00bbZapatillas de casa\u00bb button_alignment=\u00bbcenter\u00bb _builder_version=\u00bb3.12&#8243; custom_button=\u00bbon\u00bb button_text_color=\u00bb#e09900&#8243; button_font=\u00bb||||||||\u00bb button_icon=\u00bb%%1%%\u00bb][\/et_pb_button][\/et_pb_column][\/et_pb_row][et_pb_row _builder_version=\u00bb3.12&#8243;][et_pb_column type=\u00bb4_4&#8243; _builder_version=\u00bb3.0.47&#8243; parallax=\u00bboff\u00bb parallax_method=\u00bbon\u00bb][et_pb_divider color=\u00bb#e09900&#8243; _builder_version=\u00bb3.12&#8243;][\/et_pb_divider][\/et_pb_column][\/et_pb_row][et_pb_row module_id=\u00bbalpargatas\u00bb _builder_version=\u00bb3.12&#8243;][et_pb_column type=\u00bb4_4&#8243; _builder_version=\u00bb3.0.47&#8243; parallax=\u00bboff\u00bb parallax_method=\u00bbon\u00bb][et_pb_text _builder_version=\u00bb3.12&#8243; text_font=\u00bb||||||||\u00bb text_font_size=\u00bb29px\u00bb header_font=\u00bb||||||||\u00bb header_text_color=\u00bb#000000&#8243; header_font_size=\u00bb41px\u00bb]<\/p>\r\n<h1 style=\"text-align: left;\">Alpargatas<\/h1>\r\n<p>[\/et_pb_text][et_pb_gallery gallery_ids=\u00bb1002,1001,1000,999,998,997,996,995,994,993,992,991,990,989,988,987,986,985,984,983,982,981,980,979,977,976,975,974,973,972,971,970,969,968,967,966,965&#8243; posts_number=\u00bb21&#8243; _builder_version=\u00bb3.12&#8243; title_font=\u00bb||||||||\u00bb animation_style=\u00bbfade\u00bb][\/et_pb_gallery][\/et_pb_column][\/et_pb_row][et_pb_row _builder_version=\u00bb3.12&#8243;][et_pb_column type=\u00bb4_4&#8243; _builder_version=\u00bb3.0.47&#8243; parallax=\u00bboff\u00bb parallax_method=\u00bbon\u00bb][et_pb_divider color=\u00bb#e09900&#8243; _builder_version=\u00bb3.12&#8243;][\/et_pb_divider][\/et_pb_column][\/et_pb_row][et_pb_row module_id=\u00bbaltas\u00bb _builder_version=\u00bb3.12&#8243;][et_pb_column type=\u00bb4_4&#8243; _builder_version=\u00bb3.0.47&#8243; parallax=\u00bboff\u00bb parallax_method=\u00bbon\u00bb][et_pb_text _builder_version=\u00bb3.12&#8243; text_font=\u00bb||||||||\u00bb text_font_size=\u00bb29px\u00bb header_font=\u00bb||||||||\u00bb header_text_color=\u00bb#000000&#8243; header_font_size=\u00bb41px\u00bb]<\/p>\r\n<h1 style=\"text-align: left;\">Alpargatas (altas)<\/h1>\r\n<p>[\/et_pb_text][et_pb_gallery gallery_ids=\u00bb1003,1004,1005,1011,1010,1009,1008,1007,1006,1012,1013,1014,1015,1016,1017,1018,1019,1020,1021,1022,1023,1029,1028,1027,1026,1025,1024,1030,1031,1032,1033,1034,1035,1041,1040,1039,1038,1037,1036,1042,1043,1044,1045,1046,1047,1053,1052,1051,1050,1049,1048,1054,1055,1056,1057,1058,1059&#8243; posts_number=\u00bb100&#8243; _builder_version=\u00bb3.12&#8243; title_font=\u00bb||||||||\u00bb animation_style=\u00bbfade\u00bb][\/et_pb_gallery][\/et_pb_column][\/et_pb_row][et_pb_row _builder_version=\u00bb3.12&#8243;][et_pb_column type=\u00bb4_4&#8243; _builder_version=\u00bb3.0.47&#8243; parallax=\u00bboff\u00bb parallax_method=\u00bbon\u00bb][et_pb_divider color=\u00bb#e09900&#8243; _builder_version=\u00bb3.12&#8243;][\/et_pb_divider][\/et_pb_column][\/et_pb_row][et_pb_row module_id=\u00bbcasa\u00bb _builder_version=\u00bb3.12&#8243;][et_pb_column type=\u00bb4_4&#8243; _builder_version=\u00bb3.0.47&#8243; parallax=\u00bboff\u00bb parallax_method=\u00bbon\u00bb][et_pb_text _builder_version=\u00bb3.12&#8243; text_font=\u00bb||||||||\u00bb text_font_size=\u00bb29px\u00bb header_font=\u00bb||||||||\u00bb header_text_color=\u00bb#000000&#8243; header_font_size=\u00bb41px\u00bb]<\/p>\r\n<h1 style=\"text-align: left;\">Zapatillas de casa<\/h1>\r\n<p>[\/et_pb_text][et_pb_gallery gallery_ids=\u00bb702&#8243; posts_number=\u00bb30&#8243; _builder_version=\u00bb3.12&#8243; animation_style=\u00bbfade\u00bb][\/et_pb_gallery][\/et_pb_column][\/et_pb_row][et_pb_row custom_padding=\u00bb25.25px|0px|23px|0px|false|false\u00bb _builder_version=\u00bb3.12&#8243;][et_pb_column type=\u00bb4_4&#8243; _builder_version=\u00bb3.12&#8243; parallax=\u00bboff\u00bb parallax_method=\u00bbon\u00bb][et_pb_gallery gallery_ids=\u00bb1067,1066,1065,1064&#8243; _builder_version=\u00bb3.12&#8243;][\/et_pb_gallery][et_pb_gallery _builder_version=\u00bb3.12&#8243; gallery_ids=\u00bb1063,1062,1061,1060&#8243;][\/et_pb_gallery][\/et_pb_column][\/et_pb_row][et_pb_row _builder_version=\u00bb3.12&#8243;][et_pb_column type=\u00bb4_4&#8243; _builder_version=\u00bb3.0.47&#8243; parallax=\u00bboff\u00bb parallax_method=\u00bbon\u00bb][et_pb_divider color=\u00bb#e09900&#8243; _builder_version=\u00bb3.12&#8243;][\/et_pb_divider][\/et_pb_column][\/et_pb_row][et_pb_row module_id=\u00bbcasa\u00bb _builder_version=\u00bb3.12&#8243;][et_pb_column type=\u00bb4_4&#8243; _builder_version=\u00bb3.0.47&#8243; parallax=\u00bboff\u00bb parallax_method=\u00bbon\u00bb][et_pb_text _builder_version=\u00bb3.12&#8243; text_font=\u00bb||||||||\u00bb text_font_size=\u00bb29px\u00bb header_font=\u00bb||||||||\u00bb header_text_color=\u00bb#000000&#8243; header_font_size=\u00bb41px\u00bb]<\/p>\r\n<h1 style=\"text-align: left;\">Zapatillas de casa<\/h1>\r\n<p>[\/et_pb_text][et_pb_gallery gallery_ids=\u00bb737,736,735,734,733,732,726,727,728,729,730,731&#8243; posts_number=\u00bb30&#8243; _builder_version=\u00bb3.12&#8243; animation_style=\u00bbfade\u00bb][\/et_pb_gallery][\/et_pb_column][\/et_pb_row][et_pb_row _builder_version=\u00bb3.12&#8243;][et_pb_column type=\u00bb4_4&#8243; _builder_version=\u00bb3.0.47&#8243; parallax=\u00bboff\u00bb parallax_method=\u00bbon\u00bb][et_pb_gallery gallery_ids=\u00bb1097,1096,1095,1094&#8243; _builder_version=\u00bb3.12&#8243;][\/et_pb_gallery][\/et_pb_column][\/et_pb_row][et_pb_row _builder_version=\u00bb3.12&#8243;][et_pb_column type=\u00bb4_4&#8243; _builder_version=\u00bb3.12&#8243; parallax=\u00bboff\u00bb parallax_method=\u00bbon\u00bb][et_pb_gallery gallery_ids=\u00bb1093,1092,1091,1090&#8243; _builder_version=\u00bb3.12&#8243;][\/et_pb_gallery][\/et_pb_column][\/et_pb_row][et_pb_row _builder_version=\u00bb3.12&#8243;][et_pb_column type=\u00bb4_4&#8243; _builder_version=\u00bb3.12&#8243; parallax=\u00bboff\u00bb parallax_method=\u00bbon\u00bb][et_pb_gallery gallery_ids=\u00bb1089,1088,1087,1086&#8243; _builder_version=\u00bb3.12&#8243;][\/et_pb_gallery][\/et_pb_column][\/et_pb_row][et_pb_row _builder_version=\u00bb3.12&#8243;][et_pb_column type=\u00bb4_4&#8243; _builder_version=\u00bb3.12&#8243; parallax=\u00bboff\u00bb parallax_method=\u00bbon\u00bb][et_pb_gallery gallery_ids=\u00bb1085,1084,1083,1082&#8243; _builder_version=\u00bb3.12&#8243;][\/et_pb_gallery][\/et_pb_column][\/et_pb_row][et_pb_row _builder_version=\u00bb3.12&#8243;][et_pb_column type=\u00bb4_4&#8243; _builder_version=\u00bb3.12&#8243; parallax=\u00bboff\u00bb parallax_method=\u00bbon\u00bb][et_pb_gallery gallery_ids=\u00bb1081,1080,1079,1078&#8243; _builder_version=\u00bb3.12&#8243;][\/et_pb_gallery][\/et_pb_column][\/et_pb_row][et_pb_row _builder_version=\u00bb3.12&#8243;][et_pb_column type=\u00bb4_4&#8243; _builder_version=\u00bb3.12&#8243; parallax=\u00bboff\u00bb parallax_method=\u00bbon\u00bb][et_pb_gallery gallery_ids=\u00bb1077,1076,1075,1074&#8243; _builder_version=\u00bb3.12&#8243;][\/et_pb_gallery][\/et_pb_column][\/et_pb_row][et_pb_row _builder_version=\u00bb3.12&#8243;][et_pb_column type=\u00bb4_4&#8243; _builder_version=\u00bb3.12&#8243; parallax=\u00bboff\u00bb parallax_method=\u00bbon\u00bb][et_pb_gallery gallery_ids=\u00bb1073,1072,1071,1070&#8243; _builder_version=\u00bb3.12&#8243;][\/et_pb_gallery][\/et_pb_column][\/et_pb_row][et_pb_row _builder_version=\u00bb3.12&#8243;][et_pb_column type=\u00bb4_4&#8243; _builder_version=\u00bb3.12&#8243; parallax=\u00bboff\u00bb parallax_method=\u00bbon\u00bb][et_pb_gallery gallery_ids=\u00bb1069,1068&#8243; _builder_version=\u00bb3.12&#8243;][\/et_pb_gallery][\/et_pb_column][\/et_pb_row][et_pb_row _builder_version=\u00bb3.0.48&#8243; background_size=\u00bbinitial\u00bb background_position=\u00bbtop_left\u00bb background_repeat=\u00bbrepeat\u00bb][et_pb_column type=\u00bb4_4&#8243; _builder_version=\u00bb3.0.47&#8243; parallax=\u00bboff\u00bb parallax_method=\u00bbon\u00bb][et_pb_text _builder_version=\u00bb3.0.74&#8243; background_size=\u00bbinitial\u00bb background_position=\u00bbtop_left\u00bb background_repeat=\u00bbrepeat\u00bb]<\/p>\r\n<p><\/p>\r\n<div class=\"wp-block-columns\">\r\n<div class=\"wp-block-column\">\u00a0<\/div>\r\n<p><\/p>\r\n<\/div>\r\n<p><!-- \/wp:columns -->\r\n\r\n<!-- wp:paragraph {\"fontSize\":\"medium\"} --><\/p>\r\n<p class=\"has-medium-font-size\">\u00bfQuieres acceder al cat\u00e1logo completo? Solicita tu acceso <a href=\"https:\/\/vulcanizadoslamaja.com\/index.php\/contacto\/\">aqu\u00ed<\/a>.<\/p>\r\n<p><!-- \/wp:paragraph -->\r\n\r\n<!-- wp:spacer --><\/p>\r\n<div class=\"wp-block-spacer\" style=\"height: 100px;\" aria-hidden=\"true\">\u00a0<\/div>\r\n<p><!-- \/wp:spacer --><\/p>\r\n<p>[\/et_pb_text][\/et_pb_column][\/et_pb_row][\/et_pb_section][et_pb_section fb_built=\u00bb1&#8243; fullwidth=\u00bbon\u00bb _builder_version=\u00bb3.12&#8243;][\/et_pb_section]<\/p>","protected":false},"excerpt":{"rendered":"<p>[et_pb_section fb_built=\u00bb1&#8243; _builder_version=\u00bb3.0.47&#8243;][et_pb_row custom_padding=\u00bb27px|0|27px|0px|false|false\u00bb _builder_version=\u00bb3.12&#8243;][et_pb_column type=\u00bb2_3&#8243; _builder_version=\u00bb3.0.47&#8243; parallax=\u00bboff\u00bb parallax_method=\u00bbon\u00bb][et_pb_blurb title=\u00bbVerano 2023&#8243; image=\u00bbhttps:\/\/vulcanizadoslamaja.com\/wp-content\/uploads\/2020\/11\/pexels-apostolos-vamvouras-2918562-scaled-e1605781738203.jpg\u00bb image_max_width=\u00bb66%\u00bb _builder_version=\u00bb3.12&#8243; header_level=\u00bbh1&#8243; header_font=\u00bb||||||||\u00bb header_text_align=\u00bbcenter\u00bb border_radii_image=\u00bbon|1px|1px|1px|1px\u00bb box_shadow_style_image=\u00bbpreset1&#8243; box_shadow_blur_image=\u00bb9px\u00bb custom_margin=\u00bb0px|||\u00bb] \u00a1Nuestra colecci\u00f3n para el pr\u00f3ximo verano ya est\u00e1 en marcha! Mira nuestros modelos m\u00e1s\u00a0 [\/et_pb_blurb][\/et_pb_column][et_pb_column type=\u00bb1_3&#8243; _builder_version=\u00bb3.0.47&#8243; parallax=\u00bboff\u00bb parallax_method=\u00bbon\u00bb][et_pb_divider show_divider=\u00bboff\u00bb _builder_version=\u00bb3.12&#8243;][\/et_pb_divider][et_pb_button button_url=\u00bb#alpargatas\u00bb button_text=\u00bbAlpargatas \u00bb button_alignment=\u00bbcenter\u00bb _builder_version=\u00bb3.12&#8243; custom_button=\u00bbon\u00bb button_text_color=\u00bb#e09900&#8243; button_font=\u00bb||||||||\u00bb button_icon=\u00bb%%1%%\u00bb][\/et_pb_button][et_pb_button button_url=\u00bb#altas\u00bb button_text=\u00bbAlpargatas (altas)\u00bb button_alignment=\u00bbcenter\u00bb [&hellip;]<\/p>\n","protected":false},"author":5,"featured_media":0,"parent":0,"menu_order":0,"comment_status":"closed","ping_status":"closed","template":"","meta":[],"yoast_head":"<!-- This site is optimized with the Yoast SEO plugin v17.2.1 - https:\/\/yoast.com\/wordpress\/plugins\/seo\/ -->\n<title>Verano 2023 - Calzados KOKI&#039;S<\/title>\n<meta name=\"robots\" content=\"index, follow, max-snippet:-1, max-image-preview:large, max-video-preview:-1\" \/>\n<link rel=\"canonical\" href=\"https:\/\/vulcanizadoslamaja.com\/index.php\/verano-2023\/\" \/>\n<meta property=\"og:locale\" content=\"es_ES\" \/>\n<meta property=\"og:type\" content=\"article\" \/>\n<meta property=\"og:title\" content=\"Verano 2023 - Calzados KOKI&#039;S\" \/>\n<meta property=\"og:description\" content=\"[et_pb_section fb_built=\u00bb1&#8243; _builder_version=\u00bb3.0.47&#8243;][et_pb_row custom_padding=\u00bb27px|0|27px|0px|false|false\u00bb _builder_version=\u00bb3.12&#8243;][et_pb_column type=\u00bb2_3&#8243; _builder_version=\u00bb3.0.47&#8243; parallax=\u00bboff\u00bb parallax_method=\u00bbon\u00bb][et_pb_blurb title=\u00bbVerano 2023&#8243; image=\u00bbhttps:\/\/vulcanizadoslamaja.com\/wp-content\/uploads\/2020\/11\/pexels-apostolos-vamvouras-2918562-scaled-e1605781738203.jpg\u00bb image_max_width=\u00bb66%\u00bb _builder_version=\u00bb3.12&#8243; header_level=\u00bbh1&#8243; header_font=\u00bb||||||||\u00bb header_text_align=\u00bbcenter\u00bb border_radii_image=\u00bbon|1px|1px|1px|1px\u00bb box_shadow_style_image=\u00bbpreset1&#8243; box_shadow_blur_image=\u00bb9px\u00bb custom_margin=\u00bb0px|||\u00bb] \u00a1Nuestra colecci\u00f3n para el pr\u00f3ximo verano ya est\u00e1 en marcha! Mira nuestros modelos m\u00e1s\u00a0 [\/et_pb_blurb][\/et_pb_column][et_pb_column type=\u00bb1_3&#8243; _builder_version=\u00bb3.0.47&#8243; parallax=\u00bboff\u00bb parallax_method=\u00bbon\u00bb][et_pb_divider show_divider=\u00bboff\u00bb _builder_version=\u00bb3.12&#8243;][\/et_pb_divider][et_pb_button button_url=\u00bb#alpargatas\u00bb button_text=\u00bbAlpargatas \u00bb button_alignment=\u00bbcenter\u00bb _builder_version=\u00bb3.12&#8243; custom_button=\u00bbon\u00bb button_text_color=\u00bb#e09900&#8243; button_font=\u00bb||||||||\u00bb button_icon=\u00bb\u00bb][\/et_pb_button][et_pb_button button_url=\u00bb#altas\u00bb button_text=\u00bbAlpargatas (altas)\u00bb button_alignment=\u00bbcenter\u00bb [&hellip;]\" \/>\n<meta property=\"og:url\" content=\"https:\/\/vulcanizadoslamaja.com\/index.php\/verano-2023\/\" \/>\n<meta property=\"og:site_name\" content=\"Calzados KOKI&#039;S\" \/>\n<meta property=\"article:modified_time\" content=\"2022-12-06T18:37:36+00:00\" \/>\n<meta name=\"twitter:card\" content=\"summary_large_image\" \/>\n<meta name=\"twitter:label1\" content=\"Tiempo de lectura\" \/>\n\t<meta name=\"twitter:data1\" content=\"5 minutos\" \/>\n<script type=\"application\/ld+json\" class=\"yoast-schema-graph\">{\"@context\":\"https:\/\/schema.org\",\"@graph\":[{\"@type\":\"WebSite\",\"@id\":\"https:\/\/vulcanizadoslamaja.com\/#website\",\"url\":\"https:\/\/vulcanizadoslamaja.com\/\",\"name\":\"Calzados KOKI&#039;S\",\"description\":\"\",\"potentialAction\":[{\"@type\":\"SearchAction\",\"target\":{\"@type\":\"EntryPoint\",\"urlTemplate\":\"https:\/\/vulcanizadoslamaja.com\/?s={search_term_string}\"},\"query-input\":\"required name=search_term_string\"}],\"inLanguage\":\"es\"},{\"@type\":\"WebPage\",\"@id\":\"https:\/\/vulcanizadoslamaja.com\/index.php\/verano-2023\/#webpage\",\"url\":\"https:\/\/vulcanizadoslamaja.com\/index.php\/verano-2023\/\",\"name\":\"Verano 2023 - Calzados KOKI&#039;S\",\"isPartOf\":{\"@id\":\"https:\/\/vulcanizadoslamaja.com\/#website\"},\"datePublished\":\"2022-06-06T10:49:21+00:00\",\"dateModified\":\"2022-12-06T18:37:36+00:00\",\"breadcrumb\":{\"@id\":\"https:\/\/vulcanizadoslamaja.com\/index.php\/verano-2023\/#breadcrumb\"},\"inLanguage\":\"es\",\"potentialAction\":[{\"@type\":\"ReadAction\",\"target\":[\"https:\/\/vulcanizadoslamaja.com\/index.php\/verano-2023\/\"]}]},{\"@type\":\"BreadcrumbList\",\"@id\":\"https:\/\/vulcanizadoslamaja.com\/index.php\/verano-2023\/#breadcrumb\",\"itemListElement\":[{\"@type\":\"ListItem\",\"position\":1,\"name\":\"Portada\",\"item\":\"https:\/\/vulcanizadoslamaja.com\/\"},{\"@type\":\"ListItem\",\"position\":2,\"name\":\"Verano 2023\"}]}]}<\/script>\n<!-- \/ Yoast SEO plugin. -->","yoast_head_json":{"title":"Verano 2023 - Calzados KOKI&#039;S","robots":{"index":"index","follow":"follow","max-snippet":"max-snippet:-1","max-image-preview":"max-image-preview:large","max-video-preview":"max-video-preview:-1"},"canonical":"https:\/\/vulcanizadoslamaja.com\/index.php\/verano-2023\/","og_locale":"es_ES","og_type":"article","og_title":"Verano 2023 - Calzados KOKI&#039;S","og_description":"[et_pb_section fb_built=\u00bb1&#8243; _builder_version=\u00bb3.0.47&#8243;][et_pb_row custom_padding=\u00bb27px|0|27px|0px|false|false\u00bb _builder_version=\u00bb3.12&#8243;][et_pb_column type=\u00bb2_3&#8243; _builder_version=\u00bb3.0.47&#8243; parallax=\u00bboff\u00bb parallax_method=\u00bbon\u00bb][et_pb_blurb title=\u00bbVerano 2023&#8243; image=\u00bbhttps:\/\/vulcanizadoslamaja.com\/wp-content\/uploads\/2020\/11\/pexels-apostolos-vamvouras-2918562-scaled-e1605781738203.jpg\u00bb image_max_width=\u00bb66%\u00bb _builder_version=\u00bb3.12&#8243; header_level=\u00bbh1&#8243; header_font=\u00bb||||||||\u00bb header_text_align=\u00bbcenter\u00bb border_radii_image=\u00bbon|1px|1px|1px|1px\u00bb box_shadow_style_image=\u00bbpreset1&#8243; box_shadow_blur_image=\u00bb9px\u00bb custom_margin=\u00bb0px|||\u00bb] \u00a1Nuestra colecci\u00f3n para el pr\u00f3ximo verano ya est\u00e1 en marcha! Mira nuestros modelos m\u00e1s\u00a0 [\/et_pb_blurb][\/et_pb_column][et_pb_column type=\u00bb1_3&#8243; _builder_version=\u00bb3.0.47&#8243; parallax=\u00bboff\u00bb parallax_method=\u00bbon\u00bb][et_pb_divider show_divider=\u00bboff\u00bb _builder_version=\u00bb3.12&#8243;][\/et_pb_divider][et_pb_button button_url=\u00bb#alpargatas\u00bb button_text=\u00bbAlpargatas \u00bb button_alignment=\u00bbcenter\u00bb _builder_version=\u00bb3.12&#8243; custom_button=\u00bbon\u00bb button_text_color=\u00bb#e09900&#8243; button_font=\u00bb||||||||\u00bb button_icon=\u00bb\u00bb][\/et_pb_button][et_pb_button button_url=\u00bb#altas\u00bb button_text=\u00bbAlpargatas (altas)\u00bb button_alignment=\u00bbcenter\u00bb [&hellip;]","og_url":"https:\/\/vulcanizadoslamaja.com\/index.php\/verano-2023\/","og_site_name":"Calzados KOKI&#039;S","article_modified_time":"2022-12-06T18:37:36+00:00","twitter_card":"summary_large_image","twitter_misc":{"Tiempo de lectura":"5 minutos"},"schema":{"@context":"https:\/\/schema.org","@graph":[{"@type":"WebSite","@id":"https:\/\/vulcanizadoslamaja.com\/#website","url":"https:\/\/vulcanizadoslamaja.com\/","name":"Calzados KOKI&#039;S","description":"","potentialAction":[{"@type":"SearchAction","target":{"@type":"EntryPoint","urlTemplate":"https:\/\/vulcanizadoslamaja.com\/?s={search_term_string}"},"query-input":"required name=search_term_string"}],"inLanguage":"es"},{"@type":"WebPage","@id":"https:\/\/vulcanizadoslamaja.com\/index.php\/verano-2023\/#webpage","url":"https:\/\/vulcanizadoslamaja.com\/index.php\/verano-2023\/","name":"Verano 2023 - Calzados KOKI&#039;S","isPartOf":{"@id":"https:\/\/vulcanizadoslamaja.com\/#website"},"datePublished":"2022-06-06T10:49:21+00:00","dateModified":"2022-12-06T18:37:36+00:00","breadcrumb":{"@id":"https:\/\/vulcanizadoslamaja.com\/index.php\/verano-2023\/#breadcrumb"},"inLanguage":"es","potentialAction":[{"@type":"ReadAction","target":["https:\/\/vulcanizadoslamaja.com\/index.php\/verano-2023\/"]}]},{"@type":"BreadcrumbList","@id":"https:\/\/vulcanizadoslamaja.com\/index.php\/verano-2023\/#breadcrumb","itemListElement":[{"@type":"ListItem","position":1,"name":"Portada","item":"https:\/\/vulcanizadoslamaja.com\/"},{"@type":"ListItem","position":2,"name":"Verano 2023"}]}]}},"_links":{"self":[{"href":"https:\/\/vulcanizadoslamaja.com\/index.php\/wp-json\/wp\/v2\/pages\/956"}],"collection":[{"href":"https:\/\/vulcanizadoslamaja.com\/index.php\/wp-json\/wp\/v2\/pages"}],"about":[{"href":"https:\/\/vulcanizadoslamaja.com\/index.php\/wp-json\/wp\/v2\/types\/page"}],"author":[{"embeddable":true,"href":"https:\/\/vulcanizadoslamaja.com\/index.php\/wp-json\/wp\/v2\/users\/5"}],"replies":[{"embeddable":true,"href":"https:\/\/vulcanizadoslamaja.com\/index.php\/wp-json\/wp\/v2\/comments?post=956"}],"version-history":[{"count":5,"href":"https:\/\/vulcanizadoslamaja.com\/index.php\/wp-json\/wp\/v2\/pages\/956\/revisions"}],"predecessor-version":[{"id":1100,"href":"https:\/\/vulcanizadoslamaja.com\/index.php\/wp-json\/wp\/v2\/pages\/956\/revisions\/1100"}],"wp:attachment":[{"href":"https:\/\/vulcanizadoslamaja.com\/index.php\/wp-json\/wp\/v2\/media?parent=956"}],"curies":[{"name":"wp","href":"https:\/\/api.w.org\/{rel}","templated":true}]}}